{"id":72,"date":"2018-06-01T14:05:36","date_gmt":"2018-06-01T12:05:36","guid":{"rendered":"http:\/\/www.apropos-net.de\/?page_id=72"},"modified":"2018-06-02T12:20:40","modified_gmt":"2018-06-02T10:20:40","slug":"home","status":"publish","type":"page","link":"https:\/\/www.apropos-net.de\/","title":{"rendered":"AproposNet"},"content":{"rendered":"<p>AproposNet ist ein Webhoster der nur Individuelle L\u00f6sungen anbietet.<\/p>\n<p>Um dieses Angebot nutzen zu k\u00f6nnen senden Sie einfach \u00fcber das Kontaktformular eine Nachricht.<\/p>\n<p>&nbsp;<\/p>\n","protected":false},"excerpt":{"rendered":"<p>AproposNet ist ein Webhoster der nur Individuelle L\u00f6sungen anbietet. Um dieses Angebot nutzen zu k\u00f6nnen senden Sie einfach \u00fcber das Kontaktformular eine Nachricht. &nbsp;<\/p>\n","protected":false},"author":1,"featured_media":0,"parent":0,"menu_order":0,"comment_status":"closed","ping_status":"closed","template":"","meta":{"footnotes":""},"class_list":["post-72","page","type-page","status-publish","hentry"],"_links":{"self":[{"href":"https:\/\/www.apropos-net.de\/index.php?rest_route=\/wp\/v2\/pages\/72","targetHints":{"allow":["GET"]}}],"collection":[{"href":"https:\/\/www.apropos-net.de\/index.php?rest_route=\/wp\/v2\/pages"}],"about":[{"href":"https:\/\/www.apropos-net.de\/index.php?rest_route=\/wp\/v2\/types\/page"}],"author":[{"embeddable":true,"href":"https:\/\/www.apropos-net.de\/index.php?rest_route=\/wp\/v2\/users\/1"}],"replies":[{"embeddable":true,"href":"https:\/\/www.apropos-net.de\/index.php?rest_route=%2Fwp%2Fv2%2Fcomments&post=72"}],"version-history":[{"count":4,"href":"https:\/\/www.apropos-net.de\/index.php?rest_route=\/wp\/v2\/pages\/72\/revisions"}],"predecessor-version":[{"id":81,"href":"https:\/\/www.apropos-net.de\/index.php?rest_route=\/wp\/v2\/pages\/72\/revisions\/81"}],"wp:attachment":[{"href":"https:\/\/www.apropos-net.de\/index.php?rest_route=%2Fwp%2Fv2%2Fmedia&parent=72"}],"curies":[{"name":"wp","href":"https:\/\/api.w.org\/{rel}","templated":true}]}}