{"id":54,"date":"2018-06-01T12:15:44","date_gmt":"2018-06-01T10:15:44","guid":{"rendered":"http:\/\/www.apropos-net.de\/?page_id=54"},"modified":"2019-04-06T12:49:28","modified_gmt":"2019-04-06T10:49:28","slug":"impressum","status":"publish","type":"page","link":"https:\/\/www.apropos-net.de\/?page_id=54","title":{"rendered":"Impressum"},"content":{"rendered":"<h2>Impressum<\/h2>\n<p>Angaben gem\u00e4\u00df \u00a7 5 TMG<\/p>\n<p>Uwe Simon<br \/>\nWeierskamp 6<br \/>\n51545 Waldbr\u00f6l<\/p>\n<p><strong>Vertreten durch: <\/strong><br \/>\nUwe Simon<\/p>\n<p><strong>Kontakt:<\/strong><br \/>\nTelefon: 02233 6868952<br \/>\nFax: 02233 6868953<br \/>\nE-Mail: apropos-net.de(a)usimon.de<\/p>\n<p><strong>Steuer-ID: <\/strong><br \/>\n224\/5290\/4154<br \/>\n<strong>Haftungsausschluss: <\/strong><\/p>\n<p><strong>Haftung f\u00fcr Inhalte<\/strong><\/p>\n<p>Die Inhalte unserer Seiten wurden mit gr\u00f6\u00dfter Sorgfalt erstellt. F\u00fcr die Richtigkeit, Vollst\u00e4ndigkeit und Aktualit\u00e4t der Inhalte k\u00f6nnen wir jedoch keine Gew\u00e4hr \u00fcbernehmen. Als Diensteanbieter sind wir gem\u00e4\u00df \u00a7 7 Abs.1 TMG f\u00fcr eigene Inhalte auf diesen Seiten nach den allgemeinen Gesetzen verantwortlich. Nach \u00a7\u00a7 8 bis 10 TMG sind wir als Diensteanbieter jedoch nicht verpflichtet, \u00fcbermittelte oder gespeicherte fremde Informationen zu \u00fcberwachen oder nach Umst\u00e4nden zu forschen, die auf eine rechtswidrige T\u00e4tigkeit hinweisen. Verpflichtungen zur Entfernung oder Sperrung der Nutzung von Informationen nach den allgemeinen Gesetzen bleiben hiervon unber\u00fchrt. Eine diesbez\u00fcgliche Haftung ist jedoch erst ab dem Zeitpunkt der Kenntnis einer konkreten Rechtsverletzung m\u00f6glich. Bei Bekanntwerden von entsprechenden Rechtsverletzungen werden wir diese Inhalte umgehend entfernen.<\/p>\n","protected":false},"excerpt":{"rendered":"<p>Impressum Angaben gem\u00e4\u00df \u00a7 5 TMG Uwe Simon Weierskamp 6 51545 Waldbr\u00f6l Vertreten durch: Uwe Simon Kontakt: Telefon: 02233 6868952 Fax: 02233 6868953 E-Mail: apropos-net.de(a)usimon.de Steuer-ID: 224\/5290\/4154 Haftungsausschluss: Haftung f\u00fcr Inhalte Die Inhalte unserer Seiten &hellip;<\/p>\n","protected":false},"author":1,"featured_media":0,"parent":72,"menu_order":100,"comment_status":"closed","ping_status":"closed","template":"","meta":{"footnotes":""},"class_list":["post-54","page","type-page","status-publish","hentry"],"_links":{"self":[{"href":"https:\/\/www.apropos-net.de\/index.php?rest_route=\/wp\/v2\/pages\/54","targetHints":{"allow":["GET"]}}],"collection":[{"href":"https:\/\/www.apropos-net.de\/index.php?rest_route=\/wp\/v2\/pages"}],"about":[{"href":"https:\/\/www.apropos-net.de\/index.php?rest_route=\/wp\/v2\/types\/page"}],"author":[{"embeddable":true,"href":"https:\/\/www.apropos-net.de\/index.php?rest_route=\/wp\/v2\/users\/1"}],"replies":[{"embeddable":true,"href":"https:\/\/www.apropos-net.de\/index.php?rest_route=%2Fwp%2Fv2%2Fcomments&post=54"}],"version-history":[{"count":4,"href":"https:\/\/www.apropos-net.de\/index.php?rest_route=\/wp\/v2\/pages\/54\/revisions"}],"predecessor-version":[{"id":87,"href":"https:\/\/www.apropos-net.de\/index.php?rest_route=\/wp\/v2\/pages\/54\/revisions\/87"}],"up":[{"embeddable":true,"href":"https:\/\/www.apropos-net.de\/index.php?rest_route=\/wp\/v2\/pages\/72"}],"wp:attachment":[{"href":"https:\/\/www.apropos-net.de\/index.php?rest_route=%2Fwp%2Fv2%2Fmedia&parent=54"}],"curies":[{"name":"wp","href":"https:\/\/api.w.org\/{rel}","templated":true}]}}