{"id":35,"date":"2018-06-01T08:58:34","date_gmt":"2018-06-01T06:58:34","guid":{"rendered":"http:\/\/www.apropos-net.de\/?page_id=35"},"modified":"2018-06-02T10:35:36","modified_gmt":"2018-06-02T08:35:36","slug":"datenschutz","status":"publish","type":"page","link":"https:\/\/www.apropos-net.de\/?page_id=35","title":{"rendered":"Datenschutz"},"content":{"rendered":"<p><strong>Datenschutzerkl\u00e4rung<\/strong><\/p>\n<p>Verantwortlicher<\/p>\n<p>Als Verantwortliche tr\u00e4gt<\/p>\n<p>Uwe Simon<br \/>\nBeethovenstra\u00dfe 10<br \/>\n50354 H\u00fcrth<br \/>\nTel.: +49 (0) 2233 68 68 952<br \/>\nFax: +49 (0) 2233 68 68 953<br \/>\nE-Mail: apropos-net.de@usimon.de<\/p>\n<p>die Verantwortung f\u00fcr die Rechtm\u00e4\u00dfigkeit der Verarbeitung Ihrer personenbezogenen Daten auf dieser Website.<\/p>\n<p>&nbsp;<\/p>\n<p>Ansprechpartner<\/p>\n<p>Bei Fragen bez\u00fcglich der Verarbeitung Ihrer personenbezogenen Daten oder zu dieser Datenschutzerkl\u00e4rung k\u00f6nnen Sie sich gerne an Uwe Simon wenden:<\/p>\n<p>Uwe Simon<br \/>\nBeethovenstra\u00dfe 10<br \/>\n50354 H\u00fcrth<br \/>\nTel.: +49 (0) 2233 68 68 952<br \/>\nFax: +49 (0) 2233 68 68 953<br \/>\nE-Mail: apropos-net.de@usimon.de<\/p>\n<p>Im Folgenden informieren wir Sie \u00fcber die Verarbeitung personenbezogener Daten bei der Nutzung unserer Website. Personenbezogene Daten sind alle Daten, die auf Sie pers\u00f6nlich beziehbar sind, z.B. Name, Adresse, E-Mail-Adressen, Nutzerverhalten.<\/p>\n<p>Im Rahmen folgender Funktionen der Website verarbeiten wir Ihre personenbezogenen Daten:<\/p>\n<p>Kontaktformular<span style=\"color: #ff0000;\"><br \/>\n<\/span><\/p>\n<p>Bei Ihrer Kontaktaufnahme mit uns \u00fcber unser Kontaktformular werden die von Ihnen mitgeteilten Daten von uns gespeichert, um Ihre Anfrage zu bearbeiten.<\/p>\n<p>Wir verarbeiten Ihre \u00fcber das Kontaktformular erhobenen personenbezogenen Daten ausschlie\u00dflich zur Beantwortung Ihrer Kontaktanfrage. Rechtsgrundlage ist <a href=\"https:\/\/dejure.org\/gesetze\/DSGVO\/6.html\">Art. 6 Abs. 1 S. 1 lit. f DSGVO<\/a>. Wir haben ein berechtigtes wirtschaftliches Interesse an der Kontaktaufnahme (potenzieller) Mandanten und Bewerber \u00fcber das Kontaktformular. Unser Kontaktformular ist eine Serviceleistung von uns, die Ihnen als (potenzieller) Mandant oder Bewerber eine schnelle und unkomplizierte Kontaktaufnahme erm\u00f6glichen soll. Wir m\u00f6chten Ihnen dadurch einen guten Service bieten.<\/p>\n<p>Die in Zusammenhang mit Ihrer Kontaktaufnahme gespeicherten Daten l\u00f6schen wir, nachdem die Speicherung nicht mehr erforderlich ist, oder schr\u00e4nken die Verarbeitung auf das zwingend erforderliche Minimum ein, falls z. B. gesetzliche Aufbewahrungspflichten bestehen.<\/p>\n<p>Sie sind weder gesetzlich noch vertraglich verpflichtet Ihre Daten bereitzustellen. Wir k\u00f6nnen Ihre Kontaktanfrage jedoch nur beantworten, wenn Sie die oben genannten Daten angeben.<\/p>\n<p>Erhebung personenbezogener Daten bei informatorischer Nutzung der Website<\/p>\n<p>Bei der blo\u00df informatorischen Nutzung der Website, also wenn Sie sich nicht registrieren oder uns anderweitig Informationen \u00fcbermitteln, erheben wir nur die personenbezogenen Daten, die Ihr Browser an unseren Server \u00fcbermittelt. Wenn Sie unsere Website betrachten m\u00f6chten, erheben wir die folgenden Daten, die f\u00fcr uns technisch erforderlich sind, um Ihnen unsere Website anzuzeigen und die Stabilit\u00e4t und Sicherheit zu gew\u00e4hrleisten (Rechtsgrundlage ist <a href=\"https:\/\/dejure.org\/gesetze\/DSGVO\/6.html\">Art. 6 Abs. 1 S. 1 lit. f DSGVO<\/a>):<\/p>\n<ul>\n<li>IP-Adresse<\/li>\n<li>Datum und Uhrzeit der Anfrage<\/li>\n<li>Zeitzonendifferenz zur Greenwich Meantime (GMT)<\/li>\n<li>Inhalt der Anforderung (konkrete Seite)<\/li>\n<li>Zugriffsstatus \/ http-Statuscode<\/li>\n<li>Jeweils \u00fcbertragene Datenmenge<\/li>\n<li>Website, von der die Anforderung kommt<\/li>\n<li>Browser<\/li>\n<li>Betriebssystem und dessen Oberfl\u00e4che<\/li>\n<li>Sprache und Version der Browsersoftware<\/li>\n<\/ul>\n<p>Zus\u00e4tzlich zu den zuvor genannten Daten werden bei Ihrer Nutzung unserer Website Cookies auf Ihrem Rechner gespeichert. Bei Cookies handelt es sich um kleine Textdateien, die auf Ihrer Festplatte dem von Ihnen verwendeten Browser zugeordnet gespeichert werden und durch welche der Stelle, die den Cookie setzt (hier durch uns), bestimmte Informationen zuflie\u00dfen. Cookies k\u00f6nnen keine Programme ausf\u00fchren oder Viren auf Ihren Computer \u00fcbertragen. Sie dienen dazu, das Internetangebot insgesamt nutzerfreundlicher und effektiver zu machen.<\/p>\n<p>Diese Website nutzt transiente Cookies und persistente Cookies.<\/p>\n<p>Transiente Cookies werden automatisiert gel\u00f6scht, wenn Sie den Browser schlie\u00dfen. Dazu z\u00e4hlen insbesondere die Session-Cookies. Diese speichern eine sogenannte Session-ID, mit welcher sich verschiedene Anfragen Ihres Browsers der gemeinsamen Sitzung zuordnen lassen. Dadurch kann Ihr Rechner wiedererkannt werden, wenn Sie auf unsere Website zur\u00fcckkehren. Die Session-Cookies werden gel\u00f6scht, wenn Sie sich ausloggen oder den Browser schlie\u00dfen.<\/p>\n<p>Persistente Cookies werden automatisiert nach einer vorgegebenen Dauer gel\u00f6scht, die sich je nach Cookie unterscheiden kann. Sie k\u00f6nnen die Cookies in den Sicherheitseinstellungen Ihres Browsers jederzeit l\u00f6schen.<\/p>\n<p>Sie k\u00f6nnen Ihre Browser-Einstellung entsprechend Ihren W\u00fcnschen konfigurieren und z.\u2009B. die Annahme von Third-Party-Cookies oder allen Cookies ablehnen. Wir weisen Sie darauf hin, dass Sie in dem Fall eventuell nicht alle Funktionen unserer Website nutzen k\u00f6nnen.<\/p>\n<p>Wir setzen Cookies ein, um Sie f\u00fcr Folgebesuche identifizieren zu k\u00f6nnen, falls Sie \u00fcber einen Account bei uns verf\u00fcgen. Andernfalls m\u00fcssten Sie sich f\u00fcr jeden Besuch erneut einloggen.<\/p>\n<p>Die genutzten Flash-Cookies werden nicht durch Ihren Browser erfasst, sondern durch Ihr Flash-Plug-in. Weiterhin nutzen wir HTML5 storage objects, die auf Ihrem Endger\u00e4t abgelegt werden. Diese Objekte speichern die erforderlichen Daten unabh\u00e4ngig von Ihrem verwendeten Browser und haben kein automatisches Ablaufdatum. Wenn Sie keine Verarbeitung der Flash-Cookies w\u00fcnschen, m\u00fcssen Sie ein entsprechendes Add-On installieren, z.\u2009B. das Adobe-Flash-Killer-Cookie f\u00fcr Google Chrome. Die Nutzung von HTML5 storage objects k\u00f6nnen Sie verhindern, indem Sie in Ihrem Browser den privaten Modus einsetzen. Zudem empfehlen wir, regelm\u00e4\u00dfig Ihre Cookies und den Browser-Verlauf manuell zu l\u00f6schen.<\/p>\n<p>&nbsp;<\/p>\n<p>\u00dcbermittlung an Dritte<\/p>\n<p>Sollten wir Ihre personenbezogenen Daten an Dritte \u00fcbermitteln, erfolgt dies nur, wenn die \u00dcbermittlung durch einen gesetzlichen Erlaubnistatbestand gerechtfertigt werden kann oder auf Basis einer Auftragsverarbeitungsvereinbarung nach <a href=\"https:\/\/dejure.org\/gesetze\/DSGVO\/28.html\">Art. 28 Abs. 3 DSGVO<\/a>.<\/p>\n<p>\u00dcbermittlung personenbezogener Daten in Drittstaaten<\/p>\n<p>Sollten wir Ihre personenbezogenen Daten in einen Drittstaat \u00fcbermitteln, erfolgt dies nur, wenn die \u00dcbermittlung durch einen gesetzlichen Erlaubnistatbestand gerechtfertigt werden kann. Zudem \u00fcbermitteln wir die Daten nur an Drittstaaten, wenn die besonderen Voraussetzungen der <a href=\"https:\/\/dejure.org\/gesetze\/DSGVO\/44.html\">Art. 44 ff. DSGVO<\/a> erf\u00fcllt sind.<\/p>\n<p>SSL\/TLS-Verschl\u00fcsselung<\/p>\n<p>Aus Sicherheitsgr\u00fcnden und zum Zweck des Schutzes Ihrer personenbezogenen Daten wird unsere Webseite mit SSL\/TLS-Technik verschl\u00fcsselt. Die Verschl\u00fcsselungs-Technik ist f\u00fcr Sie durch \u201ehttps:\/\/\u201c und das Schloss-Symbol in Ihrer Browserzeile sichtbar.<\/p>\n<p>Speicherdauer<\/p>\n<p>Die in Zusammenhang mit unserer Website gespeicherten Daten l\u00f6schen wir, nachdem die Speicherung nicht mehr erforderlich ist und Sie nicht oder nicht mehr in die Datenverarbeitung eingewilligt haben oder schr\u00e4nken die Verarbeitung ein, falls gesetzliche Aufbewahrungspflichten (z.B. handelsrechtlicher oder steuerrechtlicher Art) bestehen.<\/p>\n<p>Betroffenenrechte<\/p>\n<p>Sie haben uns gegen\u00fcber folgende Rechte hinsichtlich der Sie betreffenden personenbezogenen Daten:<\/p>\n<ul>\n<li>Recht auf Auskunft, <a href=\"https:\/\/dejure.org\/gesetze\/DSGVO\/15.html\">Art. 15 DSGVO<\/a><\/li>\n<li>Recht auf Berichtigung, <a href=\"https:\/\/dejure.org\/gesetze\/DSGVO\/16.html\">Art. 16 DSGVO<\/a><\/li>\n<li>Recht auf L\u00f6schung \/ Recht auf \u201eVergessenwerden\u201c, <a href=\"https:\/\/dejure.org\/gesetze\/DSGVO\/17.html\">Art. 17 DSGVO<\/a><\/li>\n<li>Recht auf Einschr\u00e4nkung der Verarbeitung, <a href=\"https:\/\/dejure.org\/gesetze\/DSGVO\/18.html\">Art. 18 DSGVO<\/a><\/li>\n<li>Recht auf Daten\u00fcbertragbarkeit, <a href=\"https:\/\/dejure.org\/gesetze\/DSGVO\/20.html\">Art. 20 DSGVO<\/a><\/li>\n<li>Recht auf Widerspruch, <a href=\"https:\/\/dejure.org\/gesetze\/DSGVO\/21.html\">Art. 21 DSGVO<\/a><\/li>\n<li>Recht auf Beschwerde bei einer Aufsichtsbeh\u00f6rde, <a href=\"https:\/\/dejure.org\/gesetze\/DSGVO\/77.html\">Art. 77 DSGVO<\/a><\/li>\n<li>Recht auf Widerruf der Einwilligung, <a href=\"https:\/\/dejure.org\/gesetze\/DSGVO\/7.html\">Art. 7 Abs. 3 DSGVO<\/a><\/li>\n<\/ul>\n<p>Einzelheiten zu Ihren Rechten k\u00f6nnen Sie in den jeweiligen oben genannten Artikeln der DSGVO nachlesen, z. B. indem Sie einfach auf den Link klicken. Gerne k\u00f6nnen Sie sich auch an den oben genannten Ansprechpartner wenden.<\/p>\n<p>&nbsp;<\/p>\n<p>RECHT AUF WIDERSPRUCH GEGEN DIE VERARBEITUNG GEM\u00c4SS ART. 21 DSGVO<\/p>\n<p>SOWEIT WIR DIE VERARBEITUNG IHRER PERSONENBEZOGENEN DATEN AUF UNSERE BERECHTIGTEN INTERESSEN NACH ART. 6 ABS. 1 S. 1 LIT. F) DSGVO ST\u00dcTZEN, K\u00d6NNEN SIE JEDERZEIT WIDERSPRUCH GEGEN DIE VERARBEITUNG MIT WIRKUNG F\u00dcR DIE ZUKUNFT EINLEGEN. SIE K\u00d6NNEN DER VERARBEITUNG WIDERSPRECHEN, INDEM SIE SICH AN DIE OBEN GENANNTEN KONTAKTDATEN WENDEST.<\/p>\n<p>BEI AUS\u00dcBUNG EINES SOLCHEN WIDERSPRUCHS BITTEN WIR UM DARLEGUNG DER GR\u00dcNDE, WESHALB WIR IHRE PERSONENBEZOGENEN DATEN NICHT WIE VON UNS DURCHGEF\u00dcHRT VERARBEITEN SOLLTEN. IM FALLE IHRES BEGR\u00dcNDETEN WIDERSPRUCHS PR\u00dcFEN WIR DIE SACHLAGE UND WERDEN ENTWEDER DIE DATENVERARBEITUNG EINSTELLEN BZW. ANPASSEN ODER DIR UNSERE ZWINGENDEN SCHUTZW\u00dcRDIGEN GR\u00dcNDE AUFZEIGEN, AUFGRUND DERER WIR DIE VERARBEITUNG FORTF\u00dcHREN.<\/p>\n<p>VERARBEITEN WIR IHRE DATEN, UM DIREKTWERBUNG ZU BETREIBEN, K\u00d6NNEN SIE JEDERZEIT WIDERSPRUCH GEGEN DIE VERARBEITUNG ZU DIESEM ZWECK MIT WIRKUNG F\u00dcR DIE ZUKUNFT EINLEGEN. WIDERSPRECHEN SIE DER DATENVERARBEITUNG ZUM ZWECK DER DIREKTWERBUNG, WERDEN WIR DIE VERARBEITUNG IHRER PERSONENBEZOGENEN DATEN EINSTELLEN.<\/p>\n<p>\u00dcBER IHREN WERBEWIDERSPRUCH K\u00d6NNEN SIE SICH BEI UNS UNTER DEN OBEN GENANNTEN KONTAKTDATEN INFORMIEREN.<\/p>\n<p><b>RECHT AUF JEDERZEITIGEN WIDERRUF IHRER EINWILLIGUNG IN DIE VERARBEITUNG IHRER DATEN GEM\u00c4SS ART. 7 ABS. 3 DSGVO.<\/b><\/p>\n<p>FALLS SIE EINE EINWILLIGUNG ZUR VERARBEITUNG IHRER DATEN ERTEILT HABEN, K\u00d6NNEN SIE DIESE JEDERZEIT MIT WIRKUNG F\u00dcR DIE ZUKUNFT WIDERRUFEN. SIE K\u00d6NNEN IHRE EINWILLIGUNG WIDERRUFEN, INDEM SIE SICH AN DIE OBEN GENANNTEN KONTAKTDATEN WENDEN. DURCH DEN WIDERRUF DER EINWILLIGUNG WIRD DIE RECHTM\u00c4SSIGKEIT DER AUFGRUND DER EINWILLIGUNG BIS ZUM WIDERRUF ERFOLGTEN VERARBEITUNG NICHT BER\u00dcHRT.<\/p>\n<p>\u00dcBER IHREN WIDERRUF K\u00d6NNEN SIE SICH BEI UNS UNTER DEN OBEN GENANNTEN KONTAKTDATEN INFORMIEREN.<\/p>\n<p>&nbsp;<\/p>\n","protected":false},"excerpt":{"rendered":"<p>Datenschutzerkl\u00e4rung Verantwortlicher Als Verantwortliche tr\u00e4gt Uwe Simon Beethovenstra\u00dfe 10 50354 H\u00fcrth Tel.: +49 (0) 2233 68 68 952 Fax: +49 (0) 2233 68 68 953 E-Mail: apropos-net.de@usimon.de die Verantwortung f\u00fcr die Rechtm\u00e4\u00dfigkeit der Verarbeitung Ihrer &hellip;<\/p>\n","protected":false},"author":1,"featured_media":0,"parent":72,"menu_order":100,"comment_status":"closed","ping_status":"closed","template":"","meta":{"footnotes":""},"class_list":["post-35","page","type-page","status-publish","hentry"],"_links":{"self":[{"href":"https:\/\/www.apropos-net.de\/index.php?rest_route=\/wp\/v2\/pages\/35","targetHints":{"allow":["GET"]}}],"collection":[{"href":"https:\/\/www.apropos-net.de\/index.php?rest_route=\/wp\/v2\/pages"}],"about":[{"href":"https:\/\/www.apropos-net.de\/index.php?rest_route=\/wp\/v2\/types\/page"}],"author":[{"embeddable":true,"href":"https:\/\/www.apropos-net.de\/index.php?rest_route=\/wp\/v2\/users\/1"}],"replies":[{"embeddable":true,"href":"https:\/\/www.apropos-net.de\/index.php?rest_route=%2Fwp%2Fv2%2Fcomments&post=35"}],"version-history":[{"count":3,"href":"https:\/\/www.apropos-net.de\/index.php?rest_route=\/wp\/v2\/pages\/35\/revisions"}],"predecessor-version":[{"id":76,"href":"https:\/\/www.apropos-net.de\/index.php?rest_route=\/wp\/v2\/pages\/35\/revisions\/76"}],"up":[{"embeddable":true,"href":"https:\/\/www.apropos-net.de\/index.php?rest_route=\/wp\/v2\/pages\/72"}],"wp:attachment":[{"href":"https:\/\/www.apropos-net.de\/index.php?rest_route=%2Fwp%2Fv2%2Fmedia&parent=35"}],"curies":[{"name":"wp","href":"https:\/\/api.w.org\/{rel}","templated":true}]}}